{"id":1079,"date":"2024-04-06T21:52:10","date_gmt":"2024-04-06T19:52:10","guid":{"rendered":"https:\/\/urbexplorer.net\/?page_id=1079"},"modified":"2025-08-08T23:11:56","modified_gmt":"2025-08-08T21:11:56","slug":"terms-and-conditions","status":"publish","type":"page","link":"https:\/\/urbexplorer.net\/de\/terms-and-conditions\/","title":{"rendered":"Bedingungen und Konditionen"},"content":{"rendered":"<div data-elementor-type=\"wp-page\" data-elementor-id=\"1079\" class=\"elementor elementor-1079\" data-elementor-post-type=\"page\">\n\t\t\t\t<div class=\"elementor-element elementor-element-29286dc e-flex e-con-boxed e-con e-parent\" data-id=\"29286dc\" data-element_type=\"container\">\n\t\t\t\t\t<div class=\"e-con-inner\">\n\t\t\t\t<div class=\"elementor-element elementor-element-1eb7881 elementor-widget elementor-widget-heading\" data-id=\"1eb7881\" data-element_type=\"widget\" data-settings=\"{&quot;ekit_we_effect_on&quot;:&quot;none&quot;}\" data-widget_type=\"heading.default\">\n\t\t\t\t<div class=\"elementor-widget-container\">\n\t\t\t<h1 class=\"elementor-heading-title elementor-size-default\">Bedingungen und Konditionen<\/h1>\t\t<\/div>\n\t\t\t\t<\/div>\n\t\t\t\t<div class=\"elementor-element elementor-element-fe28326 elementor-widget elementor-widget-text-editor\" data-id=\"fe28326\" data-element_type=\"widget\" data-settings=\"{&quot;ekit_we_effect_on&quot;:&quot;none&quot;}\" data-widget_type=\"text-editor.default\">\n\t\t\t\t<div class=\"elementor-widget-container\">\n\t\t\t\t\t\t\t<p># Bedingungen und Konditionen<\/p><p>**Letzte Aktualisierung: August 8, 2025**<\/p><p>Diese Allgemeinen Gesch\u00e4ftsbedingungen (\u201cBedingungen\u201d) regeln deinen Zugang zu und deine Nutzung der von **Urbexplorer** (\u201cwir\u201d, \u201cuns\u201d, \u201cunser\u201d) angebotenen Dienste, einschlie\u00dflich der Website urbexplorer.net und aller damit verbundenen Funktionen, Dienste oder Anwendungen (zusammen die \u201cDienste\u201d).<\/p><p>Indem du auf unsere Dienste zugreifst oder sie nutzt, erkl\u00e4rst du dich mit diesen Bedingungen einverstanden. Wenn du mit diesen Bedingungen nicht einverstanden bist, darfst du die Dienste nicht nutzen.<\/p><p>&#8212;<\/p><p>## 1. Nutzung der Dienste<\/p><p>Unsere Dienste bieten Nutzern eine Plattform, auf der sie Informationen, Bilder und Diskussionen zu verlassenen Orten (\u201cLost Places\u201d) ansehen und teilen k\u00f6nnen. Der Inhalt ist nur f\u00fcr **Dokumentationszwecke** gedacht.<\/p><p>Du darfst die Dienste nicht nutzen, um illegale Aktivit\u00e4ten zu f\u00f6rdern oder zu ermutigen, einschlie\u00dflich Hausfriedensbruch oder das Betreten von Sperrgebieten. **Wir unterst\u00fctzen oder f\u00f6rdern kein rechtswidriges Verhalten.<\/p><p>&#8212;<\/p><p>## 2. Anspruchsberechtigung<\/p><p>Durch die Nutzung der Dienste best\u00e4tigst du, dass:<br \/>- Du bist mindestens 18 Jahre alt oder nach den Gesetzen deines Landes gesch\u00e4ftsf\u00e4hig.<br \/>- Du wirst diese Bedingungen und alle geltenden Gesetze und Vorschriften einhalten.<br \/>- Du wirst die Dienste nicht f\u00fcr illegale, sch\u00e4dliche oder irref\u00fchrende Zwecke nutzen.<\/p><p>&#8212;<\/p><p>## 3. Benutzerbeitr\u00e4ge<\/p><p>Du kannst Standorte, Fotos, Kommentare oder andere Inhalte (\u201cBeitr\u00e4ge\u201d) an die Dienste \u00fcbermitteln. Indem du dies tust, best\u00e4tigst du, dass<br \/>- Du bist der rechtm\u00e4\u00dfige Eigent\u00fcmer oder hast die notwendigen Rechte, um den Inhalt zu teilen.<br \/>- Deine Inhalte verletzen nicht die Rechte anderer, einschlie\u00dflich der Privatsph\u00e4re, des Eigentums oder des Urheberrechts.<br \/>- Deine Beitr\u00e4ge enthalten keine detaillierten Anweisungen oder Aufforderungen, verbotene, gef\u00e4hrliche oder illegale Gebiete zu betreten.<br \/>- Du gibst keine sensiblen oder pers\u00f6nlichen Informationen ohne Erlaubnis weiter.<\/p><p>Durch das Einreichen von Beitr\u00e4gen gew\u00e4hrst du uns eine nicht-exklusive, geb\u00fchrenfreie, weltweite Lizenz zur Nutzung, Speicherung, Darstellung, \u00c4nderung und Verbreitung deiner Inhalte in Verbindung mit den Diensten. Du beh\u00e4ltst alle Eigentumsrechte.<\/p><p>Wir behalten uns das Recht vor, Beitr\u00e4ge nach eigenem Ermessen zu bearbeiten, zur\u00fcckzuweisen, auszublenden oder zu l\u00f6schen, insbesondere wenn sie gegen diese Bedingungen versto\u00dfen.<\/p><p>Du verstehst und akzeptierst, dass deine Beitr\u00e4ge f\u00fcr andere Nutzer\/innen sichtbar sein k\u00f6nnen und du allein f\u00fcr sie verantwortlich bist.<\/p><p>&#8212;<\/p><p>## 4. Besitz von Standorten und Antr\u00e4ge auf Entfernung<\/p><p>Wenn du der **Eigent\u00fcmer oder der gesetzliche Vertreter** eines auf unserer Plattform gelisteten Ortes bist und m\u00f6chtest, dass die Inhalte entfernt werden, dann <a href=\"https:\/\/urbexplorer.net\/de\/kontakt\/\">kontaktiere uns.<\/a><\/p><p>Um deine Anfrage zu bearbeiten, k\u00f6nnen wir dich um eine Form der \u00dcberpr\u00fcfung bitten, wie z. B:<br \/>- Ein Dokument oder ein offizielles Schreiben, das deine Verbindung zu der Immobilie belegt (z. B. Eigentum, Pacht, Verwaltung).<br \/>- Ein aktuelles Foto des Grundst\u00fccks, das seinen aktuellen Zustand zeigt.<\/p><p>Wir pr\u00fcfen alle Antr\u00e4ge einzeln und behalten uns das Recht vor, die Entfernung zu genehmigen oder abzulehnen, wenn der Antrag nicht ausreichend begr\u00fcndet ist.<\/p><p>&#8212;<\/p><p>## 5. Verbotenes Verhalten<\/p><p>Du stimmst zu, dies nicht zu tun:<br \/>- illegale, beleidigende, irref\u00fchrende oder verletzende Inhalte zu posten.<br \/>- Gib detaillierte Anweisungen, wie du private oder gef\u00e4hrliche Orte betreten kannst.<br \/>- Andere dazu ermutigen, das Gesetz zu brechen.<br \/>- Andere Nutzer\/innen oder Dritte zu bel\u00e4stigen oder zu bedrohen.<br \/>- den Betrieb oder die Sicherheit der Dienste zu beeintr\u00e4chtigen.<br \/>- Verwenden Sie automatisierte Tools (Bots, Scraper, Crawler), um Daten zu extrahieren oder das System zu \u00fcberlasten.<\/p><p>&#8212;<\/p><p>## 6. Geistiges Eigentum<\/p><p>Sofern nicht anders angegeben, sind alle Inhalte der Dienste (einschlie\u00dflich Design, Code, Grafiken und Marken) unser Eigentum oder an uns lizenziert. Du darfst keinen Teil der Dienste ohne unsere ausdr\u00fcckliche Genehmigung kopieren, vervielf\u00e4ltigen, verbreiten oder kommerziell verwerten.<\/p><p>&#8212;<\/p><p>## 7. Begrenzung der Haftung<\/p><p>Die Nutzung der Dienste erfolgt auf eigene Gefahr. Wir \u00fcbernehmen keine Garantie f\u00fcr die Richtigkeit, Verf\u00fcgbarkeit, Rechtm\u00e4\u00dfigkeit oder Sicherheit von Inhalten.<\/p><p>Wir sind nicht haftbar f\u00fcr:<br \/>- Fehler oder veraltete Informationen<br \/>- K\u00f6rperverletzung oder Sachschaden<br \/>- Verlust oder Besch\u00e4digung von Daten<br \/>- Handlungen, die von Dritten aufgrund von Informationen aus den Diensten vorgenommen werden<\/p><p>Du bist allein verantwortlich f\u00fcr deine Entscheidungen und Handlungen bei der Nutzung der Dienste.<\/p><p>&#8212;<\/p><p>## 8. Terminierung<\/p><p>Wir k\u00f6nnen dein Konto oder deinen Zugang jederzeit ohne Vorank\u00fcndigung aussetzen oder k\u00fcndigen, wenn du gegen diese Bedingungen oder gegen geltende Gesetze verst\u00f6\u00dft.<\/p><p>&#8212;<\/p><p>## 9. Geltendes Recht<\/p><p>Diese Bedingungen unterliegen dem Recht von **\u00d6sterreich**. Alle Streitigkeiten werden ausschlie\u00dflich von den zust\u00e4ndigen Gerichten in **Wien, \u00d6sterreich** entschieden.<\/p><p>&#8212;<\/p><p>## 10. \u00c4nderungen an diesen Bedingungen<\/p><p>Wir k\u00f6nnen diese Bedingungen jederzeit aktualisieren. Die neueste Version wird immer auf unserer Website mit einem \u201cZuletzt aktualisiert\u201d-Datum verf\u00fcgbar sein. Indem du die Dienste weiterhin nutzt, akzeptierst du alle \u00c4nderungen.<\/p><p>&#8212;<\/p><p>## 11. Kontakt<\/p><p>Wenn du Fragen, W\u00fcnsche oder Beschwerden bez\u00fcglich dieser Bedingungen oder deiner Daten hast, kontaktiere uns unter:<\/p><p>\ud83d\udce7 <a href=\"mailto:hello@urbexplorer.net\">hello@urbexplorer.net<\/a><br \/>\ud83c\udf10 <a href=\"https:\/\/urbexplorer.net\/de\/kontakt\/\">https:\/\/urbexplorer.net\/contact<\/a><\/p><p>\u00a0<\/p>\t\t\t\t\t\t<\/div>\n\t\t\t\t<\/div>\n\t\t\t\t\t<\/div>\n\t\t\t\t<\/div>\n\t\t\t\t<\/div>","protected":false},"excerpt":{"rendered":"<p>Terms and conditions # Terms and Conditions **Last updated: August 8, 2025** These Terms and Conditions (&#8220;Terms&#8221;) govern your access to and use of the services provided by **Urbexplorer** (&#8220;we&#8221;, &#8220;us&#8221;, &#8220;our&#8221;), including the website urbexplorer.net and any related features, services, or applications (collectively, the &#8220;Services&#8221;). By accessing or using our Services, you agree to [&hellip;]<\/p>","protected":false},"author":1,"featured_media":0,"parent":0,"menu_order":0,"comment_status":"closed","ping_status":"closed","template":"elementor_header_footer","meta":{"_acf_changed":false,"footnotes":""},"class_list":["post-1079","page","type-page","status-publish","hentry"],"acf":[],"_links":{"self":[{"href":"https:\/\/urbexplorer.net\/de\/wp-json\/wp\/v2\/pages\/1079","targetHints":{"allow":["GET"]}}],"collection":[{"href":"https:\/\/urbexplorer.net\/de\/wp-json\/wp\/v2\/pages"}],"about":[{"href":"https:\/\/urbexplorer.net\/de\/wp-json\/wp\/v2\/types\/page"}],"author":[{"embeddable":true,"href":"https:\/\/urbexplorer.net\/de\/wp-json\/wp\/v2\/users\/1"}],"replies":[{"embeddable":true,"href":"https:\/\/urbexplorer.net\/de\/wp-json\/wp\/v2\/comments?post=1079"}],"version-history":[{"count":10,"href":"https:\/\/urbexplorer.net\/de\/wp-json\/wp\/v2\/pages\/1079\/revisions"}],"predecessor-version":[{"id":13379,"href":"https:\/\/urbexplorer.net\/de\/wp-json\/wp\/v2\/pages\/1079\/revisions\/13379"}],"wp:attachment":[{"href":"https:\/\/urbexplorer.net\/de\/wp-json\/wp\/v2\/media?parent=1079"}],"curies":[{"name":"wp","href":"https:\/\/api.w.org\/{rel}","templated":true}]}}