{"id":1255,"date":"2024-04-08T18:43:51","date_gmt":"2024-04-08T16:43:51","guid":{"rendered":"https:\/\/urbexplorer.net\/?page_id=1255"},"modified":"2024-04-18T18:58:48","modified_gmt":"2024-04-18T16:58:48","slug":"shop","status":"publish","type":"page","link":"https:\/\/urbexplorer.net\/de\/shop\/","title":{"rendered":"Shop"},"content":{"rendered":"<div data-elementor-type=\"wp-page\" data-elementor-id=\"1255\" class=\"elementor elementor-1255\" data-elementor-post-type=\"page\">\n\t\t\t\t<div class=\"elementor-element elementor-element-23d32af e-flex e-con-boxed e-con e-parent\" data-id=\"23d32af\" data-element_type=\"container\">\n\t\t\t\t\t<div class=\"e-con-inner\">\n\t\t\t\t<div class=\"elementor-element elementor-element-0aa5ac3 elementor-widget elementor-widget-heading\" data-id=\"0aa5ac3\" data-element_type=\"widget\" data-settings=\"{&quot;ekit_we_effect_on&quot;:&quot;none&quot;}\" data-widget_type=\"heading.default\">\n\t\t\t\t<div class=\"elementor-widget-container\">\n\t\t\t<h1 class=\"elementor-heading-title elementor-size-default\">Shop<\/h1>\t\t<\/div>\n\t\t\t\t<\/div>\n\t\t\t\t<div class=\"elementor-element elementor-element-1a0f67c elementor-widget elementor-widget-text-editor\" data-id=\"1a0f67c\" data-element_type=\"widget\" data-settings=\"{&quot;ekit_we_effect_on&quot;:&quot;none&quot;}\" data-widget_type=\"text-editor.default\">\n\t\t\t\t<div class=\"elementor-widget-container\">\n\t\t\t\t\t\t\t<p>Unser Shop befindet sich noch im Aufbau.<br \/>Melde dich f\u00fcr unseren Newsletter an, um als Erster zu erfahren, wann unser Laden ge\u00f6ffnet ist!<br \/><br \/>Wenn du uns in irgendeiner Weise unterst\u00fctzen m\u00f6chtest, kannst du nat\u00fcrlich auch eine Spende machen.<\/p><p>Herzlichen Dank!<\/p>\t\t\t\t\t\t<\/div>\n\t\t\t\t<\/div>\n\t\t\t\t\t<\/div>\n\t\t\t\t<\/div>\n\t\t<div class=\"elementor-element elementor-element-baac0ec e-flex e-con-boxed e-con e-parent\" data-id=\"baac0ec\" data-element_type=\"container\">\n\t\t\t\t\t<div class=\"e-con-inner\">\n\t\t\t\t<div class=\"elementor-element elementor-element-61c4e8d elementor-align-center elementor-widget elementor-widget-button\" data-id=\"61c4e8d\" data-element_type=\"widget\" data-settings=\"{&quot;ekit_we_effect_on&quot;:&quot;none&quot;}\" data-widget_type=\"button.default\">\n\t\t\t\t<div class=\"elementor-widget-container\">\n\t\t\t\t\t\t\t<div class=\"elementor-button-wrapper\">\n\t\t\t\t\t<a class=\"elementor-button elementor-button-link elementor-size-sm\" href=\"http:\/\/donate.urbexplorer.net\">\n\t\t\t\t\t\t<span class=\"elementor-button-content-wrapper\">\n\t\t\t\t\t\t\t\t\t<span class=\"elementor-button-text\">Spenden<\/span>\n\t\t\t\t\t<\/span>\n\t\t\t\t\t<\/a>\n\t\t\t\t<\/div>\n\t\t\t\t\t\t<\/div>\n\t\t\t\t<\/div>\n\t\t\t\t<div class=\"elementor-element elementor-element-1a6588e elementor-align-center elementor-widget elementor-widget-button\" data-id=\"1a6588e\" data-element_type=\"widget\" data-settings=\"{&quot;ekit_we_effect_on&quot;:&quot;none&quot;}\" data-widget_type=\"button.default\">\n\t\t\t\t<div class=\"elementor-widget-container\">\n\t\t\t\t\t\t\t<div class=\"elementor-button-wrapper\">\n\t\t\t\t\t<a class=\"elementor-button elementor-button-link elementor-size-sm\" href=\"http:\/\/urbexplorer.net\/de\/newsletter\/\">\n\t\t\t\t\t\t<span class=\"elementor-button-content-wrapper\">\n\t\t\t\t\t\t\t\t\t<span class=\"elementor-button-text\">Abonnieren Sie unseren Newsletter<\/span>\n\t\t\t\t\t<\/span>\n\t\t\t\t\t<\/a>\n\t\t\t\t<\/div>\n\t\t\t\t\t\t<\/div>\n\t\t\t\t<\/div>\n\t\t\t\t\t<\/div>\n\t\t\t\t<\/div>\n\t\t\t\t<\/div>","protected":false},"excerpt":{"rendered":"<p>Shop Our shop is still under construction.Subscribe to our newsletter to be the first to know when our shop is open! If you would like to support us in any way, you can of course also make a donation. Thank you very much Donate Subscribe to our newsletter<\/p>","protected":false},"author":1,"featured_media":0,"parent":0,"menu_order":0,"comment_status":"closed","ping_status":"closed","template":"elementor_header_footer","meta":{"_acf_changed":false,"footnotes":""},"class_list":["post-1255","page","type-page","status-publish","hentry"],"acf":[],"_links":{"self":[{"href":"https:\/\/urbexplorer.net\/de\/wp-json\/wp\/v2\/pages\/1255","targetHints":{"allow":["GET"]}}],"collection":[{"href":"https:\/\/urbexplorer.net\/de\/wp-json\/wp\/v2\/pages"}],"about":[{"href":"https:\/\/urbexplorer.net\/de\/wp-json\/wp\/v2\/types\/page"}],"author":[{"embeddable":true,"href":"https:\/\/urbexplorer.net\/de\/wp-json\/wp\/v2\/users\/1"}],"replies":[{"embeddable":true,"href":"https:\/\/urbexplorer.net\/de\/wp-json\/wp\/v2\/comments?post=1255"}],"version-history":[{"count":10,"href":"https:\/\/urbexplorer.net\/de\/wp-json\/wp\/v2\/pages\/1255\/revisions"}],"predecessor-version":[{"id":2023,"href":"https:\/\/urbexplorer.net\/de\/wp-json\/wp\/v2\/pages\/1255\/revisions\/2023"}],"wp:attachment":[{"href":"https:\/\/urbexplorer.net\/de\/wp-json\/wp\/v2\/media?parent=1255"}],"curies":[{"name":"wp","href":"https:\/\/api.w.org\/{rel}","templated":true}]}}