{"id":184,"date":"2024-04-01T23:00:02","date_gmt":"2024-04-01T21:00:02","guid":{"rendered":"https:\/\/urbexplorer.net\/?page_id=184"},"modified":"2025-12-21T23:13:31","modified_gmt":"2025-12-21T22:13:31","slug":"spenden","status":"publish","type":"page","link":"https:\/\/urbexplorer.net\/de\/spenden\/","title":{"rendered":"Spenden"},"content":{"rendered":"<div data-elementor-type=\"wp-page\" data-elementor-id=\"184\" class=\"elementor elementor-184\" data-elementor-post-type=\"page\">\n\t\t\t\t<div class=\"elementor-element elementor-element-ad9872c e-flex e-con-boxed e-con e-parent\" data-id=\"ad9872c\" data-element_type=\"container\">\n\t\t\t\t\t<div class=\"e-con-inner\">\n\t\t\t\t<div class=\"elementor-element elementor-element-8ed8429 elementor-widget elementor-widget-heading\" data-id=\"8ed8429\" data-element_type=\"widget\" data-settings=\"{&quot;ekit_we_effect_on&quot;:&quot;none&quot;}\" data-widget_type=\"heading.default\">\n\t\t\t\t<div class=\"elementor-widget-container\">\n\t\t\t<h1 class=\"elementor-heading-title elementor-size-default\">Spende an UrbeXplorer<\/h1>\t\t<\/div>\n\t\t\t\t<\/div>\n\t\t\t\t<div class=\"elementor-element elementor-element-f827ff6 elementor-widget elementor-widget-spacer\" data-id=\"f827ff6\" data-element_type=\"widget\" data-settings=\"{&quot;ekit_we_effect_on&quot;:&quot;none&quot;}\" data-widget_type=\"spacer.default\">\n\t\t\t\t<div class=\"elementor-widget-container\">\n\t\t\t\t\t<div class=\"elementor-spacer\">\n\t\t\t<div class=\"elementor-spacer-inner\"><\/div>\n\t\t<\/div>\n\t\t\t\t<\/div>\n\t\t\t\t<\/div>\n\t\t\t\t\t<\/div>\n\t\t\t\t<\/div>\n\t\t<div class=\"elementor-element elementor-element-efca2d0 e-flex e-con-boxed e-con e-parent\" data-id=\"efca2d0\" data-element_type=\"container\">\n\t\t\t\t\t<div class=\"e-con-inner\">\n\t\t<div class=\"elementor-element elementor-element-80992a2 e-con-full e-flex e-con e-child\" data-id=\"80992a2\" data-element_type=\"container\">\n\t\t<div class=\"elementor-element elementor-element-41aed49 e-flex e-con-boxed e-con e-child\" data-id=\"41aed49\" data-element_type=\"container\" data-settings=\"{&quot;background_background&quot;:&quot;classic&quot;}\">\n\t\t\t\t\t<div class=\"e-con-inner\">\n\t\t\t\t<div class=\"elementor-element elementor-element-1ad891b elementor-widget elementor-widget-heading\" data-id=\"1ad891b\" data-element_type=\"widget\" data-settings=\"{&quot;ekit_we_effect_on&quot;:&quot;none&quot;}\" data-widget_type=\"heading.default\">\n\t\t\t\t<div class=\"elementor-widget-container\">\n\t\t\t<h2 class=\"elementor-heading-title elementor-size-default\">Einloggen zum Spenden<\/h2>\t\t<\/div>\n\t\t\t\t<\/div>\n\t\t\t\t<div class=\"elementor-element elementor-element-be3a69c elementor-widget elementor-widget-text-editor\" data-id=\"be3a69c\" data-element_type=\"widget\" data-settings=\"{&quot;ekit_we_effect_on&quot;:&quot;none&quot;}\" data-widget_type=\"text-editor.default\">\n\t\t\t\t<div class=\"elementor-widget-container\">\n\t\t\t\t\t\t\t<p data-start=\"271\" data-end=\"452\">Damit wir die Spende deinem Konto zuordnen k\u00f6nnen, logge dich bitte ein, bevor du spendest. Nur so k\u00f6nnen wir dir anschlie\u00dfend Zugang zur Karte gew\u00e4hren. Vielen Dank f\u00fcr deine Unterst\u00fctzung.<\/p><p data-start=\"271\" data-end=\"452\">Wenn Sie Probleme haben, wenden Sie sich bitte an <a class=\"cursor-pointer\" href=\"https:\/\/urbexplorer.net\/de\/kontakt\/\" target=\"_blank\" rel=\"noopener\" data-start=\"545\" data-end=\"590\">Kontaktieren Sie uns<\/a>.<\/p>\t\t\t\t\t\t<\/div>\n\t\t\t\t<\/div>\n\t\t<div class=\"elementor-element elementor-element-3194e12 e-con-full e-flex e-con e-child\" data-id=\"3194e12\" data-element_type=\"container\">\n\t\t\t\t<div class=\"elementor-element elementor-element-414ed79 elementor-align-center elementor-widget elementor-widget-button\" data-id=\"414ed79\" data-element_type=\"widget\" data-settings=\"{&quot;ekit_we_effect_on&quot;:&quot;none&quot;}\" data-widget_type=\"button.default\">\n\t\t\t\t<div class=\"elementor-widget-container\">\n\t\t\t\t\t\t\t<div class=\"elementor-button-wrapper\">\n\t\t\t\t\t<a class=\"elementor-button elementor-button-link elementor-size-sm\" href=\"http:\/\/urbexplorer.net\/de\/login\/\">\n\t\t\t\t\t\t<span class=\"elementor-button-content-wrapper\">\n\t\t\t\t\t\t\t\t\t<span class=\"elementor-button-text\">Einloggen<\/span>\n\t\t\t\t\t<\/span>\n\t\t\t\t\t<\/a>\n\t\t\t\t<\/div>\n\t\t\t\t\t\t<\/div>\n\t\t\t\t<\/div>\n\t\t\t\t<div class=\"elementor-element elementor-element-f4d7750 elementor-align-center elementor-widget elementor-widget-button\" data-id=\"f4d7750\" data-element_type=\"widget\" data-settings=\"{&quot;ekit_we_effect_on&quot;:&quot;none&quot;}\" data-widget_type=\"button.default\">\n\t\t\t\t<div class=\"elementor-widget-container\">\n\t\t\t\t\t\t\t<div class=\"elementor-button-wrapper\">\n\t\t\t\t\t<a class=\"elementor-button elementor-button-link elementor-size-sm\" href=\"http:\/\/urbexplorer.net\/de\/register\/\">\n\t\t\t\t\t\t<span class=\"elementor-button-content-wrapper\">\n\t\t\t\t\t\t\t\t\t<span class=\"elementor-button-text\">Ein Konto erstellen<\/span>\n\t\t\t\t\t<\/span>\n\t\t\t\t\t<\/a>\n\t\t\t\t<\/div>\n\t\t\t\t\t\t<\/div>\n\t\t\t\t<\/div>\n\t\t\t\t<\/div>\n\t\t\t\t\t<\/div>\n\t\t\t\t<\/div>\n\t\t\t\t<\/div>\n\t\t\t\t\t<\/div>\n\t\t\t\t<\/div>\n\t\t<div class=\"elementor-element elementor-element-330b7e4 e-flex e-con-boxed e-con e-parent\" data-id=\"330b7e4\" data-element_type=\"container\">\n\t\t\t\t\t<div class=\"e-con-inner\">\n\t\t\t\t<div class=\"elementor-element elementor-element-fe4969a elementor-widget elementor-widget-spacer\" data-id=\"fe4969a\" data-element_type=\"widget\" data-settings=\"{&quot;ekit_we_effect_on&quot;:&quot;none&quot;}\" data-widget_type=\"spacer.default\">\n\t\t\t\t<div class=\"elementor-widget-container\">\n\t\t\t\t\t<div class=\"elementor-spacer\">\n\t\t\t<div class=\"elementor-spacer-inner\"><\/div>\n\t\t<\/div>\n\t\t\t\t<\/div>\n\t\t\t\t<\/div>\n\t\t\t\t\t<\/div>\n\t\t\t\t<\/div>\n\t\t\t\t<\/div>","protected":false},"excerpt":{"rendered":"<p>Spende an UrbeXplorer Danke, dass du uns unterst\u00fctzen m\u00f6chtest! Du kannst den Betrag, den du spenden m\u00f6chtest, selbst w\u00e4hlen. Wir freuen uns \u00fcber jeden Betrag zwischen 5 \u20ac und 200 \u20ac. Bitte bedenke, dass deine Spende nur dazu verwendet wird, die Website weiterzuentwickeln, Serverkosten zu bezahlen und unseren Moderatoren gelegentlich eine [...]<\/p>","protected":false},"author":1,"featured_media":0,"parent":0,"menu_order":0,"comment_status":"closed","ping_status":"closed","template":"elementor_header_footer","meta":{"_acf_changed":false,"footnotes":""},"class_list":["post-184","page","type-page","status-publish","hentry"],"acf":[],"_links":{"self":[{"href":"https:\/\/urbexplorer.net\/de\/wp-json\/wp\/v2\/pages\/184","targetHints":{"allow":["GET"]}}],"collection":[{"href":"https:\/\/urbexplorer.net\/de\/wp-json\/wp\/v2\/pages"}],"about":[{"href":"https:\/\/urbexplorer.net\/de\/wp-json\/wp\/v2\/types\/page"}],"author":[{"embeddable":true,"href":"https:\/\/urbexplorer.net\/de\/wp-json\/wp\/v2\/users\/1"}],"replies":[{"embeddable":true,"href":"https:\/\/urbexplorer.net\/de\/wp-json\/wp\/v2\/comments?post=184"}],"version-history":[{"count":10,"href":"https:\/\/urbexplorer.net\/de\/wp-json\/wp\/v2\/pages\/184\/revisions"}],"predecessor-version":[{"id":18849,"href":"https:\/\/urbexplorer.net\/de\/wp-json\/wp\/v2\/pages\/184\/revisions\/18849"}],"wp:attachment":[{"href":"https:\/\/urbexplorer.net\/de\/wp-json\/wp\/v2\/media?parent=184"}],"curies":[{"name":"wp","href":"https:\/\/api.w.org\/{rel}","templated":true}]}}