{"id":873,"date":"2024-04-06T00:40:18","date_gmt":"2024-04-05T22:40:18","guid":{"rendered":"https:\/\/urbexplorer.net\/?page_id=873"},"modified":"2025-06-15T18:56:40","modified_gmt":"2025-06-15T16:56:40","slug":"blog","status":"publish","type":"page","link":"https:\/\/urbexplorer.net\/de\/blog\/","title":{"rendered":"Blog"},"content":{"rendered":"<div data-elementor-type=\"wp-page\" data-elementor-id=\"873\" class=\"elementor elementor-873\" data-elementor-post-type=\"page\">\n\t\t\t\t<div class=\"elementor-element elementor-element-65ba4b2 e-flex e-con-boxed e-con e-parent\" data-id=\"65ba4b2\" data-element_type=\"container\">\n\t\t\t\t\t<div class=\"e-con-inner\">\n\t\t\t\t<div class=\"elementor-element elementor-element-2dfced6 elementor-widget elementor-widget-heading\" data-id=\"2dfced6\" data-element_type=\"widget\" data-settings=\"{&quot;ekit_we_effect_on&quot;:&quot;none&quot;}\" data-widget_type=\"heading.default\">\n\t\t\t\t<div class=\"elementor-widget-container\">\n\t\t\t<h1 class=\"elementor-heading-title elementor-size-default\">Blog<\/h1>\t\t<\/div>\n\t\t\t\t<\/div>\n\t\t\t\t\t<\/div>\n\t\t\t\t<\/div>\n\t\t<div class=\"elementor-element elementor-element-173ca9f e-flex e-con-boxed e-con e-parent\" data-id=\"173ca9f\" data-element_type=\"container\">\n\t\t\t\t\t<div class=\"e-con-inner\">\n\t\t\t\t<div class=\"elementor-element elementor-element-f30ba44 elementor-grid-eael-col-1 elementor-grid-tablet-eael-col-2 elementor-grid-mobile-eael-col-1 elementor-widget elementor-widget-eael-post-grid\" data-id=\"f30ba44\" data-element_type=\"widget\" data-settings=\"{&quot;eael_post_grid_columns&quot;:&quot;eael-col-1&quot;,&quot;eael_post_grid_columns_tablet&quot;:&quot;eael-col-2&quot;,&quot;eael_post_grid_columns_mobile&quot;:&quot;eael-col-1&quot;,&quot;ekit_we_effect_on&quot;:&quot;none&quot;}\" data-widget_type=\"eael-post-grid.default\">\n\t\t\t\t<div class=\"elementor-widget-container\">\n\t\t\t<div id=\"eael-post-grid-f30ba44\" class=\"eael-post-grid-container\">\n            <div class=\"eael-post-grid eael-post-appender eael-post-appender-f30ba44 eael-post-grid-style-two\" data-layout-mode=\"grid\"><article class=\"eael-grid-post eael-post-grid-column\" data-id=\"12707\">\n    <div class=\"eael-grid-post-holder\">\n        <div class=\"eael-grid-post-holder-inner\"><div class=\"eael-entry-wrapper\"><header class=\"eael-entry-header\"><h2 class=\"eael-entry-title\"><a class=\"eael-grid-post-link\" href=\"https:\/\/urbexplorer.net\/de\/2025\/07\/27\/urbex-map-categories\/\" title=\"Urbex Kategorien erkl\u00e4rt: Entdecke, was jedes Symbol bedeutet\">Urbex Kategorien erkl\u00e4rt: Entdecke, was jedes Symbol bedeutet<\/a><\/h2><\/header><div class=\"eael-entry-content\">\n                                <div class=\"eael-grid-post-excerpt\"><p>Urbex-Kategorien erkl\u00e4rt: Entdecke, was jedes Symbol bedeutet Erfahre mehr \u00fcber unsere Urbex-Karte Kategorien und wof\u00fcr jedes Symbol auf der Karte steht. Egal, ob du ein neugieriger Entdecker oder ein erfahrener Stadtabenteurer bist, unser System hilft dir, durch verlassene Schl\u00f6sser, Krankenh\u00e4user, Bunker, Tunnel und vieles mehr zu navigieren - alles \u00fcbersichtlich nach Kategorien geordnet. In diesem [...]<\/p><a href=\"https:\/\/urbexplorer.net\/de\/2025\/07\/27\/urbex-map-categories\/\" class=\"eael-post-elements-readmore-btn\">Mehr lesen<\/a><\/div>\n                            <\/div><\/div><\/div>\n    <\/div>\n<\/article><article class=\"eael-grid-post eael-post-grid-column\" data-id=\"10218\">\n    <div class=\"eael-grid-post-holder\">\n        <div class=\"eael-grid-post-holder-inner\"><div class=\"eael-entry-wrapper\"><header class=\"eael-entry-header\"><h2 class=\"eael-entry-title\"><a class=\"eael-grid-post-link\" href=\"https:\/\/urbexplorer.net\/de\/2025\/06\/15\/top-10-lost-places-on-urbexplorer\/\" title=\"Top 10 Lost Places auf Urbexplorer: Der ultimative Urbex-F\u00fchrer\">Top 10 Lost Places auf Urbexplorer: Der ultimative Urbex-F\u00fchrer<\/a><\/h2><\/header><div class=\"eael-entry-content\">\n                                <div class=\"eael-grid-post-excerpt\"><p>Top 10 Lost Places auf Urbexplorer: Der ultimative Urbex-F\u00fchrer Entdecke die 10 stimmungsvollsten, bildgewaltigen Lost Places auf Urbexplorer.net. Von verlassenen Sanatorien bis hin zu vergessenen Schlachtfeldern, entdecke Geschichten \u00fcber verlassene Orte, finde detaillierte Zugangstipps und starte dein n\u00e4chstes urbanes Erkundungsabenteuer. Navigation: 1. Elisabeth-Sanatorium 2. Miniera Torgola 3. Verlassener Wasserpark Yucat\u00e1n 4. 1938-1988 [...]<\/p><a href=\"https:\/\/urbexplorer.net\/de\/2025\/06\/15\/top-10-lost-places-on-urbexplorer\/\" class=\"eael-post-elements-readmore-btn\">Mehr lesen<\/a><\/div>\n                            <\/div><\/div><\/div>\n    <\/div>\n<\/article><article class=\"eael-grid-post eael-post-grid-column\" data-id=\"9723\">\n    <div class=\"eael-grid-post-holder\">\n        <div class=\"eael-grid-post-holder-inner\"><div class=\"eael-entry-wrapper\"><header class=\"eael-entry-header\"><h2 class=\"eael-entry-title\"><a class=\"eael-grid-post-link\" href=\"https:\/\/urbexplorer.net\/de\/2025\/06\/04\/good-lost-place-submission\/\" title=\"Was macht einen guten Lost-Place-Beitrag aus?\">Was macht einen guten Lost-Place-Beitrag aus?<\/a><\/h2><\/header><div class=\"eael-entry-content\">\n                                <div class=\"eael-grid-post-excerpt\"><p>Was macht einen guten Lost-Place-Beitrag aus? Jeder Lost Place, der bei UrbeXplorer eingereicht wird, wird von Hand gepr\u00fcft, bevor er auf der Karte erscheint. um sicherzustellen, dass deine Einsendung akzeptiert wird - und anderen Stadtforschern hilft - findest du hier, was eine gute Einsendung beinhaltet. Navigation: Warum es wichtig ist Koordinaten Titel Beschreibung Bilder Abschlie\u00dfende Tipps Warum es wichtig ist Unsere [...]<\/p><a href=\"https:\/\/urbexplorer.net\/de\/2025\/06\/04\/good-lost-place-submission\/\" class=\"eael-post-elements-readmore-btn\">Mehr lesen<\/a><\/div>\n                            <\/div><\/div><\/div>\n    <\/div>\n<\/article><article class=\"eael-grid-post eael-post-grid-column\" data-id=\"8350\">\n    <div class=\"eael-grid-post-holder\">\n        <div class=\"eael-grid-post-holder-inner\"><div class=\"eael-entry-wrapper\"><header class=\"eael-entry-header\"><h2 class=\"eael-entry-title\"><a class=\"eael-grid-post-link\" href=\"https:\/\/urbexplorer.net\/de\/2025\/05\/15\/join-our-volunteer-moderator-team\/\" title=\"Werde Teil unseres ehrenamtlichen Moderatorenteams\">Werde Teil unseres ehrenamtlichen Moderatorenteams<\/a><\/h2><\/header><div class=\"eael-entry-content\">\n                                <div class=\"eael-grid-post-excerpt\"><p>Werde Teil unseres ehrenamtlichen Moderatorenteams Wir sind auf einer Mission, unsere Karte besser und einfacher zu machen - und wir brauchen deine Hilfe! W\u00e4hrend wir neue leistungsstarke Moderationstools einf\u00fchren und eine Flut von Beitr\u00e4gen bearbeiten, suchen wir leidenschaftliche Freiwillige, die unsere Moderatorengemeinschaft verst\u00e4rken. Lies weiter, um zu erfahren, wie du dich [...]<\/p><a href=\"https:\/\/urbexplorer.net\/de\/2025\/05\/15\/join-our-volunteer-moderator-team\/\" class=\"eael-post-elements-readmore-btn\">Mehr lesen<\/a><\/div>\n                            <\/div><\/div><\/div>\n    <\/div>\n<\/article><\/div>\n            <div class=\"clearfix\"><\/div>\n        <\/div>            <div class=\"eael-load-more-button-wrap eael-infinity-scroll\" data-offset=\"-200\">\n                <button class=\"eael-load-more-button\" id=\"eael-load-more-btn-f30ba44\" data-widget-id=\"f30ba44\" data-widget=\"f30ba44\" data-page-id=\"873\" data-template=\"{&quot;dir&quot;:&quot;lite&quot;,&quot;file_name&quot;:&quot;two.php&quot;,&quot;name&quot;:&quot;Post-Grid&quot;}\" data-class=\"Essential_Addons_Elementor\\Elements\\Post_Grid\" data-layout=\"grid\" data-page=\"1\" data-args=\"orderby=date&amp;order=desc&amp;ignore_sticky_posts=1&amp;post_status=publish&amp;posts_per_page=4&amp;offset=&amp;post_type=post&amp;author__in%5B0%5D=1\" data-max-page=\"2\">\n                    <span class=\"eael-btn-loader button__loader\"><\/span>\n                    <span class=\"eael_load_more_text\">Mehr laden<\/span>\n                <\/button>\n            <\/div>\n            \t\t<\/div>\n\t\t\t\t<\/div>\n\t\t\t\t\t<\/div>\n\t\t\t\t<\/div>\n\t\t\t\t<\/div>","protected":false},"excerpt":{"rendered":"<p>Blog Top 10 Lost Places on Urbexplorer: The Ultimate Urbex Guide Top 10 Lost Places on Urbexplorer: The Ultimate Urbex Guide Discover the 10 most atmospheric, image-packed lost places on Urbexplorer.net. From deserted sanatoria to forgotten battlefields, uncover stories of abandonment, find detailed access tips, and fuel your next urban exploration adventure. Navigation: 1. Elisabeth [&hellip;]<\/p>","protected":false},"author":1,"featured_media":0,"parent":0,"menu_order":0,"comment_status":"closed","ping_status":"closed","template":"elementor_header_footer","meta":{"_acf_changed":false,"footnotes":""},"class_list":["post-873","page","type-page","status-publish","hentry"],"acf":[],"_links":{"self":[{"href":"https:\/\/urbexplorer.net\/de\/wp-json\/wp\/v2\/pages\/873","targetHints":{"allow":["GET"]}}],"collection":[{"href":"https:\/\/urbexplorer.net\/de\/wp-json\/wp\/v2\/pages"}],"about":[{"href":"https:\/\/urbexplorer.net\/de\/wp-json\/wp\/v2\/types\/page"}],"author":[{"embeddable":true,"href":"https:\/\/urbexplorer.net\/de\/wp-json\/wp\/v2\/users\/1"}],"replies":[{"embeddable":true,"href":"https:\/\/urbexplorer.net\/de\/wp-json\/wp\/v2\/comments?post=873"}],"version-history":[{"count":10,"href":"https:\/\/urbexplorer.net\/de\/wp-json\/wp\/v2\/pages\/873\/revisions"}],"predecessor-version":[{"id":10259,"href":"https:\/\/urbexplorer.net\/de\/wp-json\/wp\/v2\/pages\/873\/revisions\/10259"}],"wp:attachment":[{"href":"https:\/\/urbexplorer.net\/de\/wp-json\/wp\/v2\/media?parent=873"}],"curies":[{"name":"wp","href":"https:\/\/api.w.org\/{rel}","templated":true}]}}