{"id":2762,"date":"2024-04-29T21:21:44","date_gmt":"2024-04-29T19:21:44","guid":{"rendered":"https:\/\/urbexplorer.net\/?page_id=2762"},"modified":"2025-12-18T22:44:20","modified_gmt":"2025-12-18T21:44:20","slug":"pedro","status":"publish","type":"page","link":"https:\/\/urbexplorer.net\/it\/pedro\/","title":{"rendered":"Pedro"},"content":{"rendered":"<div data-elementor-type=\"wp-page\" data-elementor-id=\"2762\" class=\"elementor elementor-2762\" data-elementor-post-type=\"page\">\n\t\t\t\t<div class=\"dce-visibility-event elementor-element elementor-element-ee0ef78 e-flex e-con-boxed e-con e-child\" data-id=\"ee0ef78\" data-element_type=\"container\" data-settings=\"{&quot;enabled_visibility&quot;:&quot;yes&quot;,&quot;dce_visibility_selected&quot;:&quot;yes&quot;}\">\n\t\t\t\t\t<div class=\"e-con-inner\">\n\t\t<div class=\"elementor-element elementor-element-38ce0df e-flex e-con-boxed e-con e-child\" data-id=\"38ce0df\" data-element_type=\"container\" data-settings=\"{&quot;background_background&quot;:&quot;classic&quot;}\">\n\t\t\t\t\t<div class=\"e-con-inner\">\n\t\t\t\t<div class=\"elementor-element elementor-element-da11b06 elementor-widget__width-initial dce_masking-none elementor-widget elementor-widget-video\" data-id=\"da11b06\" data-element_type=\"widget\" data-settings=\"{&quot;video_type&quot;:&quot;hosted&quot;,&quot;autoplay&quot;:&quot;yes&quot;,&quot;loop&quot;:&quot;yes&quot;,&quot;start&quot;:0,&quot;ekit_we_effect_on&quot;:&quot;none&quot;}\" data-widget_type=\"video.default\">\n\t\t\t\t<div class=\"elementor-widget-container\">\n\t\t\t\t\t<div class=\"e-hosted-video elementor-wrapper elementor-open-inline\">\n\t\t\t\t\t<video class=\"elementor-video\" src=\"https:\/\/urbexplorer.net\/wp-content\/uploads\/2024\/04\/y2mate.is-Pedro-Pedro-Pedro-racoon-8K-90-FPS-cxZOTls4RSU-720p-1714422358.mp4\" autoplay=\"\" loop=\"\" controlslist=\"nodownload\" poster=\"https:\/\/urbexplorer.net\/wp-content\/uploads\/2024\/04\/racoon-pedro.gif\"><\/video>\n\t\t\t\t<\/div>\n\t\t\t\t<\/div>\n\t\t\t\t<\/div>\n\t\t\t\t<div class=\"elementor-element elementor-element-eed4f87 elementor-widget elementor-widget-heading\" data-id=\"eed4f87\" data-element_type=\"widget\" data-settings=\"{&quot;ekit_we_effect_on&quot;:&quot;none&quot;}\" data-widget_type=\"heading.default\">\n\t\t\t\t<div class=\"elementor-widget-container\">\n\t\t\t<h2 class=\"elementor-heading-title elementor-size-default\">YEEYYY, hai trovato un uovo di Pasqua!<\/h2>\t\t<\/div>\n\t\t\t\t<\/div>\n\t\t\t\t<div class=\"elementor-element elementor-element-4cc6633 elementor-widget elementor-widget-text-editor\" data-id=\"4cc6633\" data-element_type=\"widget\" data-settings=\"{&quot;ekit_we_effect_on&quot;:&quot;none&quot;}\" data-widget_type=\"text-editor.default\">\n\t\t\t\t<div class=\"elementor-widget-container\">\n\t\t\t\t\t\t\t<p>Attiva la modalit\u00e0 Pedro e vedi cosa succede!<\/p><p>(PEDRO-PEDRO-PEDRO-PE)<\/p>\t\t\t\t\t\t<\/div>\n\t\t\t\t<\/div>\n\t\t\t\t<div class=\"elementor-element elementor-element-ba64c25 elementor-align-center elementor-widget elementor-widget-button\" data-id=\"ba64c25\" data-element_type=\"widget\" data-settings=\"{&quot;ekit_we_effect_on&quot;:&quot;none&quot;}\" data-widget_type=\"button.default\">\n\t\t\t\t<div class=\"elementor-widget-container\">\n\t\t\t\t\t\t\t<div class=\"elementor-button-wrapper\">\n\t\t\t\t\t<a class=\"elementor-button elementor-button-link elementor-size-sm\" href=\"\/it\/pedro-on\/\">\n\t\t\t\t\t\t<span class=\"elementor-button-content-wrapper\">\n\t\t\t\t\t\t\t\t\t<span class=\"elementor-button-text\">Attiva la modalit\u00e0 Pedro!<\/span>\n\t\t\t\t\t<\/span>\n\t\t\t\t\t<\/a>\n\t\t\t\t<\/div>\n\t\t\t\t\t\t<\/div>\n\t\t\t\t<\/div>\n\t\t\t\t<div class=\"elementor-element elementor-element-fe068a3 elementor-widget elementor-widget-spacer\" data-id=\"fe068a3\" data-element_type=\"widget\" data-settings=\"{&quot;ekit_we_effect_on&quot;:&quot;none&quot;}\" data-widget_type=\"spacer.default\">\n\t\t\t\t<div class=\"elementor-widget-container\">\n\t\t\t\t\t<div class=\"elementor-spacer\">\n\t\t\t<div class=\"elementor-spacer-inner\"><\/div>\n\t\t<\/div>\n\t\t\t\t<\/div>\n\t\t\t\t<\/div>\n\t\t\t\t<div class=\"elementor-element elementor-element-74af362 elementor-widget elementor-widget-heading\" data-id=\"74af362\" data-element_type=\"widget\" data-settings=\"{&quot;ekit_we_effect_on&quot;:&quot;none&quot;}\" data-widget_type=\"heading.default\">\n\t\t\t\t<div class=\"elementor-widget-container\">\n\t\t\t<h2 class=\"elementor-heading-title elementor-size-default\">Al momento hai disattivato la modalit\u00e0 Pedro!<\/h2>\t\t<\/div>\n\t\t\t\t<\/div>\n\t\t\t\t\t<\/div>\n\t\t\t\t<\/div>\n\t\t\t\t\t<\/div>\n\t\t\t\t<\/div>\n\t\t<!-- dce invisible element a30fe9c -->\t\t<\/div>","protected":false},"excerpt":{"rendered":"<p>https:\/\/urbexplorer.net\/wp-content\/uploads\/2024\/04\/pedro.mp4 YEEYYY, hai trovato un easter egg! Attiva la modalit\u00e0 Pedro e guarda cosa succede! (PEDRO-PEDRO-PEDRO-PEDRO-PE) Attiva la modalit\u00e0 Pedro! Al momento la modalit\u00e0 Pedro \u00e8 disattivata! Vuoi disattivare la modalit\u00e0 Pedro? Vuoi deludere Pedro in questo modo? (PEDRO-PEDRO-PEDRO-PEDRO-PE) Disattiva la modalit\u00e0 Pedro! Al momento hai la modalit\u00e0 Pedro attivata!<\/p>","protected":false},"author":1,"featured_media":0,"parent":0,"menu_order":0,"comment_status":"closed","ping_status":"closed","template":"","meta":{"_acf_changed":false,"footnotes":""},"class_list":["post-2762","page","type-page","status-publish","hentry"],"acf":[],"_links":{"self":[{"href":"https:\/\/urbexplorer.net\/it\/wp-json\/wp\/v2\/pages\/2762","targetHints":{"allow":["GET"]}}],"collection":[{"href":"https:\/\/urbexplorer.net\/it\/wp-json\/wp\/v2\/pages"}],"about":[{"href":"https:\/\/urbexplorer.net\/it\/wp-json\/wp\/v2\/types\/page"}],"author":[{"embeddable":true,"href":"https:\/\/urbexplorer.net\/it\/wp-json\/wp\/v2\/users\/1"}],"replies":[{"embeddable":true,"href":"https:\/\/urbexplorer.net\/it\/wp-json\/wp\/v2\/comments?post=2762"}],"version-history":[{"count":9,"href":"https:\/\/urbexplorer.net\/it\/wp-json\/wp\/v2\/pages\/2762\/revisions"}],"predecessor-version":[{"id":17525,"href":"https:\/\/urbexplorer.net\/it\/wp-json\/wp\/v2\/pages\/2762\/revisions\/17525"}],"wp:attachment":[{"href":"https:\/\/urbexplorer.net\/it\/wp-json\/wp\/v2\/media?parent=2762"}],"curies":[{"name":"wp","href":"https:\/\/api.w.org\/{rel}","templated":true}]}}